{"id":69,"date":"2018-12-13T12:47:21","date_gmt":"2018-12-13T12:47:21","guid":{"rendered":"http:\/\/www.araskurye.com.tr\/blog\/?page_id=69"},"modified":"2022-08-31T16:46:54","modified_gmt":"2022-08-31T13:46:54","slug":"hakkimizda","status":"publish","type":"page","link":"https:\/\/jetizz.com\/blog\/hakkimizda\/","title":{"rendered":"Hakk\u0131m\u0131zda"},"content":{"rendered":"\n<p>Her d\u00f6nem hizmetleriyle ta\u015f\u0131mac\u0131l\u0131k sekt\u00f6r\u00fcne y\u00f6n veren JET\u0130ZZ\u2019le ba\u015fta e-ticaret olmak \u00fczere B2C hizmet taleplerine farkl\u0131 bir soluk getirmeyi hedeflemektedir.<br><br>JET\u0130ZZ, sekt\u00f6rdeki tecr\u00fcbelerini ileri teknolojiyle birle\u015ftirerek her ge\u00e7en g\u00fcn farkl\u0131la\u015fan m\u00fc\u015fteri beklentilerine inovatif \u00e7\u00f6z\u00fcmler sunmaktad\u0131r.<br><br>Ko\u015fulsuz m\u00fc\u015fteri memnuniyetini sa\u011flarken kullan\u0131lan ara\u00e7 gere\u00e7lerin do\u011faya daha az zarar veren \u00f6zelliklere sahip olanlardan se\u00e7ilmesi her zaman JET\u0130ZZ\u2019in ana ilkelerinden biri olacakt\u0131r.<\/p>\n\n\n\n<figure class=\"wp-block-image size-large is-resized\"><img loading=\"lazy\" src=\"https:\/\/jetizz.com\/blog\/wp-content\/uploads\/2020\/01\/jetizz-1024x307.jpg\" alt=\"\" class=\"wp-image-1360\" width=\"926\" height=\"277\" srcset=\"https:\/\/jetizz.com\/blog\/wp-content\/uploads\/2020\/01\/jetizz-1024x307.jpg 1024w, https:\/\/jetizz.com\/blog\/wp-content\/uploads\/2020\/01\/jetizz-450x135.jpg 450w, https:\/\/jetizz.com\/blog\/wp-content\/uploads\/2020\/01\/jetizz-768x230.jpg 768w, https:\/\/jetizz.com\/blog\/wp-content\/uploads\/2020\/01\/jetizz-370x111.jpg 370w, https:\/\/jetizz.com\/blog\/wp-content\/uploads\/2020\/01\/jetizz-770x231.jpg 770w, https:\/\/jetizz.com\/blog\/wp-content\/uploads\/2020\/01\/jetizz-300x90.jpg 300w, https:\/\/jetizz.com\/blog\/wp-content\/uploads\/2020\/01\/jetizz.jpg 1500w\" sizes=\"(max-width: 926px) 100vw, 926px\" \/><\/figure>\n\n\n\n<h2> <strong>Vizyon<\/strong><\/h2>\n\n\n\n<p> Sekt\u00f6rdeki deneyimlerimizle ileri teknolojiyi etkin kullanarak her ge\u00e7en g\u00fcn farkl\u0131la\u015fan m\u00fc\u015fteri ihtiya\u00e7lar\u0131na \u00f6zg\u00fcn \u00e7\u00f6z\u00fcmler \u00fcreten sekt\u00f6rde fark yaratan lider firma olmak. <\/p>\n\n\n\n<h2> <strong>Misyon <\/strong><\/h2>\n\n\n\n<p> Kanunlara, toplumsal de\u011ferlere, \u00e7evreye ve insana sayg\u0131dan \u00f6d\u00fcn vermeden h\u0131zl\u0131 ve kaliteli hizmet sunmaya devam ederek, ko\u015fulsuz m\u00fc\u015fteri memnuniyeti sa\u011flaman\u0131n \u00e7al\u0131\u015fanlar\u0131n mutlulu\u011fuyla paralel oldu\u011fu bilinciyle hareket edip t\u00fcm payda\u015flara s\u00fcrd\u00fcr\u00fclebilir fayda sa\u011flamak.<br> <\/p>\n\n\n\n<div style=\"height:20px\" aria-hidden=\"true\" class=\"wp-block-spacer\"><\/div>\n","protected":false},"excerpt":{"rendered":"<p>Her d\u00f6nem hizmetleriyle ta\u015f\u0131mac\u0131l\u0131k sekt\u00f6r\u00fcne y\u00f6n veren JET\u0130ZZ\u2019le ba\u015fta e-ticaret olmak \u00fczere B2C hizmet taleplerine farkl\u0131 bir soluk getirmeyi hedeflemektedir. JET\u0130ZZ, sekt\u00f6rdeki tecr\u00fcbelerini ileri teknolojiyle birle\u015ftirerek her ge\u00e7en g\u00fcn farkl\u0131la\u015fan m\u00fc\u015fteri beklentilerine inovatif \u00e7\u00f6z\u00fcmler&hellip;<\/p>\n","protected":false},"author":1,"featured_media":0,"parent":0,"menu_order":0,"comment_status":"closed","ping_status":"closed","template":"","meta":[],"yoast_head":"<!-- This site is optimized with the Yoast SEO plugin v17.8 - https:\/\/yoast.com\/wordpress\/plugins\/seo\/ -->\n<title>Hakk\u0131m\u0131zda - Jetizz Kurumsal Blog<\/title>\n<meta name=\"robots\" content=\"index, follow, max-snippet:-1, max-image-preview:large, max-video-preview:-1\" \/>\n<link rel=\"canonical\" href=\"https:\/\/jetizz.com\/blog\/hakkimizda\/\" \/>\n<meta property=\"og:locale\" content=\"tr_TR\" \/>\n<meta property=\"og:type\" content=\"article\" \/>\n<meta property=\"og:title\" content=\"Hakk\u0131m\u0131zda - Jetizz Kurumsal Blog\" \/>\n<meta property=\"og:description\" content=\"Her d\u00f6nem hizmetleriyle ta\u015f\u0131mac\u0131l\u0131k sekt\u00f6r\u00fcne y\u00f6n veren JET\u0130ZZ\u2019le ba\u015fta e-ticaret olmak \u00fczere B2C hizmet taleplerine farkl\u0131 bir soluk getirmeyi hedeflemektedir. JET\u0130ZZ, sekt\u00f6rdeki tecr\u00fcbelerini ileri teknolojiyle birle\u015ftirerek her ge\u00e7en g\u00fcn farkl\u0131la\u015fan m\u00fc\u015fteri beklentilerine inovatif \u00e7\u00f6z\u00fcmler&hellip;\" \/>\n<meta property=\"og:url\" content=\"https:\/\/jetizz.com\/blog\/hakkimizda\/\" \/>\n<meta property=\"og:site_name\" content=\"Jetizz Kurumsal Blog\" \/>\n<meta property=\"article:modified_time\" content=\"2022-08-31T13:46:54+00:00\" \/>\n<meta property=\"og:image\" content=\"https:\/\/jetizz.com\/blog\/wp-content\/uploads\/2020\/01\/jetizz-1024x307.jpg\" \/>\n<meta name=\"twitter:card\" content=\"summary_large_image\" \/>\n<meta name=\"twitter:label1\" content=\"Tahmini okuma s\u00fcresi\" \/>\n\t<meta name=\"twitter:data1\" content=\"1 dakika\" \/>\n<script type=\"application\/ld+json\" class=\"yoast-schema-graph\">{\"@context\":\"https:\/\/schema.org\",\"@graph\":[{\"@type\":\"WebSite\",\"@id\":\"https:\/\/jetizz.com\/blog\/#website\",\"url\":\"https:\/\/jetizz.com\/blog\/\",\"name\":\"Jetizz Kurumsal Blog\",\"description\":\"E-Ticaret Siteleri i\\u00e7in Kurye \\u00c7\\u00f6z\\u00fcmleri\",\"potentialAction\":[{\"@type\":\"SearchAction\",\"target\":{\"@type\":\"EntryPoint\",\"urlTemplate\":\"https:\/\/jetizz.com\/blog\/?s={search_term_string}\"},\"query-input\":\"required name=search_term_string\"}],\"inLanguage\":\"tr\"},{\"@type\":\"ImageObject\",\"@id\":\"https:\/\/jetizz.com\/blog\/hakkimizda\/#primaryimage\",\"inLanguage\":\"tr\",\"url\":\"https:\/\/jetizz.com\/blog\/wp-content\/uploads\/2020\/01\/jetizz.jpg\",\"contentUrl\":\"https:\/\/jetizz.com\/blog\/wp-content\/uploads\/2020\/01\/jetizz.jpg\",\"width\":1500,\"height\":450},{\"@type\":\"WebPage\",\"@id\":\"https:\/\/jetizz.com\/blog\/hakkimizda\/#webpage\",\"url\":\"https:\/\/jetizz.com\/blog\/hakkimizda\/\",\"name\":\"Hakk\\u0131m\\u0131zda - Jetizz Kurumsal Blog\",\"isPartOf\":{\"@id\":\"https:\/\/jetizz.com\/blog\/#website\"},\"primaryImageOfPage\":{\"@id\":\"https:\/\/jetizz.com\/blog\/hakkimizda\/#primaryimage\"},\"datePublished\":\"2018-12-13T12:47:21+00:00\",\"dateModified\":\"2022-08-31T13:46:54+00:00\",\"breadcrumb\":{\"@id\":\"https:\/\/jetizz.com\/blog\/hakkimizda\/#breadcrumb\"},\"inLanguage\":\"tr\",\"potentialAction\":[{\"@type\":\"ReadAction\",\"target\":[\"https:\/\/jetizz.com\/blog\/hakkimizda\/\"]}]},{\"@type\":\"BreadcrumbList\",\"@id\":\"https:\/\/jetizz.com\/blog\/hakkimizda\/#breadcrumb\",\"itemListElement\":[{\"@type\":\"ListItem\",\"position\":1,\"name\":\"Ana sayfa\",\"item\":\"https:\/\/jetizz.com\/blog\/\"},{\"@type\":\"ListItem\",\"position\":2,\"name\":\"Hakk\\u0131m\\u0131zda\"}]}]}<\/script>\n<!-- \/ Yoast SEO plugin. -->","yoast_head_json":{"title":"Hakk\u0131m\u0131zda - Jetizz Kurumsal Blog","robots":{"index":"index","follow":"follow","max-snippet":"max-snippet:-1","max-image-preview":"max-image-preview:large","max-video-preview":"max-video-preview:-1"},"canonical":"https:\/\/jetizz.com\/blog\/hakkimizda\/","og_locale":"tr_TR","og_type":"article","og_title":"Hakk\u0131m\u0131zda - Jetizz Kurumsal Blog","og_description":"Her d\u00f6nem hizmetleriyle ta\u015f\u0131mac\u0131l\u0131k sekt\u00f6r\u00fcne y\u00f6n veren JET\u0130ZZ\u2019le ba\u015fta e-ticaret olmak \u00fczere B2C hizmet taleplerine farkl\u0131 bir soluk getirmeyi hedeflemektedir. JET\u0130ZZ, sekt\u00f6rdeki tecr\u00fcbelerini ileri teknolojiyle birle\u015ftirerek her ge\u00e7en g\u00fcn farkl\u0131la\u015fan m\u00fc\u015fteri beklentilerine inovatif \u00e7\u00f6z\u00fcmler&hellip;","og_url":"https:\/\/jetizz.com\/blog\/hakkimizda\/","og_site_name":"Jetizz Kurumsal Blog","article_modified_time":"2022-08-31T13:46:54+00:00","og_image":[{"url":"https:\/\/jetizz.com\/blog\/wp-content\/uploads\/2020\/01\/jetizz-1024x307.jpg"}],"twitter_card":"summary_large_image","twitter_misc":{"Tahmini okuma s\u00fcresi":"1 dakika"},"schema":{"@context":"https:\/\/schema.org","@graph":[{"@type":"WebSite","@id":"https:\/\/jetizz.com\/blog\/#website","url":"https:\/\/jetizz.com\/blog\/","name":"Jetizz Kurumsal Blog","description":"E-Ticaret Siteleri i\u00e7in Kurye \u00c7\u00f6z\u00fcmleri","potentialAction":[{"@type":"SearchAction","target":{"@type":"EntryPoint","urlTemplate":"https:\/\/jetizz.com\/blog\/?s={search_term_string}"},"query-input":"required name=search_term_string"}],"inLanguage":"tr"},{"@type":"ImageObject","@id":"https:\/\/jetizz.com\/blog\/hakkimizda\/#primaryimage","inLanguage":"tr","url":"https:\/\/jetizz.com\/blog\/wp-content\/uploads\/2020\/01\/jetizz.jpg","contentUrl":"https:\/\/jetizz.com\/blog\/wp-content\/uploads\/2020\/01\/jetizz.jpg","width":1500,"height":450},{"@type":"WebPage","@id":"https:\/\/jetizz.com\/blog\/hakkimizda\/#webpage","url":"https:\/\/jetizz.com\/blog\/hakkimizda\/","name":"Hakk\u0131m\u0131zda - Jetizz Kurumsal Blog","isPartOf":{"@id":"https:\/\/jetizz.com\/blog\/#website"},"primaryImageOfPage":{"@id":"https:\/\/jetizz.com\/blog\/hakkimizda\/#primaryimage"},"datePublished":"2018-12-13T12:47:21+00:00","dateModified":"2022-08-31T13:46:54+00:00","breadcrumb":{"@id":"https:\/\/jetizz.com\/blog\/hakkimizda\/#breadcrumb"},"inLanguage":"tr","potentialAction":[{"@type":"ReadAction","target":["https:\/\/jetizz.com\/blog\/hakkimizda\/"]}]},{"@type":"BreadcrumbList","@id":"https:\/\/jetizz.com\/blog\/hakkimizda\/#breadcrumb","itemListElement":[{"@type":"ListItem","position":1,"name":"Ana sayfa","item":"https:\/\/jetizz.com\/blog\/"},{"@type":"ListItem","position":2,"name":"Hakk\u0131m\u0131zda"}]}]}},"_links":{"self":[{"href":"https:\/\/jetizz.com\/blog\/wp-json\/wp\/v2\/pages\/69"}],"collection":[{"href":"https:\/\/jetizz.com\/blog\/wp-json\/wp\/v2\/pages"}],"about":[{"href":"https:\/\/jetizz.com\/blog\/wp-json\/wp\/v2\/types\/page"}],"author":[{"embeddable":true,"href":"https:\/\/jetizz.com\/blog\/wp-json\/wp\/v2\/users\/1"}],"replies":[{"embeddable":true,"href":"https:\/\/jetizz.com\/blog\/wp-json\/wp\/v2\/comments?post=69"}],"version-history":[{"count":6,"href":"https:\/\/jetizz.com\/blog\/wp-json\/wp\/v2\/pages\/69\/revisions"}],"predecessor-version":[{"id":1493,"href":"https:\/\/jetizz.com\/blog\/wp-json\/wp\/v2\/pages\/69\/revisions\/1493"}],"wp:attachment":[{"href":"https:\/\/jetizz.com\/blog\/wp-json\/wp\/v2\/media?parent=69"}],"curies":[{"name":"wp","href":"https:\/\/api.w.org\/{rel}","templated":true}]}}