{"id":65,"date":"2018-12-13T12:46:56","date_gmt":"2018-12-13T12:46:56","guid":{"rendered":"http:\/\/www.araskurye.com.tr\/blog\/?page_id=65"},"modified":"2022-01-06T13:25:31","modified_gmt":"2022-01-06T10:25:31","slug":"iletisim","status":"publish","type":"page","link":"https:\/\/jetizz.com\/blog\/iletisim\/","title":{"rendered":"\u0130leti\u015fim"},"content":{"rendered":"\n<figure class=\"wp-block-image size-large\"><img loading=\"lazy\" width=\"1024\" height=\"267\" src=\"https:\/\/jetizz.com\/blog\/wp-content\/uploads\/2020\/01\/jetizz-ileti\u015fim-1024x267.jpg\" alt=\"\" class=\"wp-image-1362\" srcset=\"https:\/\/jetizz.com\/blog\/wp-content\/uploads\/2020\/01\/jetizz-ileti\u015fim-1024x267.jpg 1024w, https:\/\/jetizz.com\/blog\/wp-content\/uploads\/2020\/01\/jetizz-ileti\u015fim-450x117.jpg 450w, https:\/\/jetizz.com\/blog\/wp-content\/uploads\/2020\/01\/jetizz-ileti\u015fim-768x200.jpg 768w, https:\/\/jetizz.com\/blog\/wp-content\/uploads\/2020\/01\/jetizz-ileti\u015fim-1536x400.jpg 1536w, https:\/\/jetizz.com\/blog\/wp-content\/uploads\/2020\/01\/jetizz-ileti\u015fim-370x96.jpg 370w, https:\/\/jetizz.com\/blog\/wp-content\/uploads\/2020\/01\/jetizz-ileti\u015fim-770x201.jpg 770w, https:\/\/jetizz.com\/blog\/wp-content\/uploads\/2020\/01\/jetizz-ileti\u015fim-300x78.jpg 300w, https:\/\/jetizz.com\/blog\/wp-content\/uploads\/2020\/01\/jetizz-ileti\u015fim.jpg 1728w\" sizes=\"(max-width: 1024px) 100vw, 1024px\" \/><\/figure>\n\n\n\n<p> M\u00fc\u015fteri Hizmetleri&#8217;ni Arayarak;<\/p>\n\n\n\n<ul><li>G\u00f6nderinizin son durumu hakk\u0131nda bilgi alabilir,<\/li><li>Teslimat s\u00fcreleri ve ta\u015f\u0131ma \u00fccretleriyle ilgili bilgi edinebilir,<\/li><li>Hizmetlerimiz hakk\u0131nda daha detayl\u0131 bilgiye sahip olabilirsiniz. <\/li><\/ul>\n\n\n\n<p>Alt taraftaki formu doldurarak ya da telefon numaralar\u0131m\u0131z\u0131 aray\u0131p kay\u0131t b\u0131rakt\u0131\u011f\u0131n\u0131z takdirde; ilgili uzmanlar\u0131m\u0131z size ula\u015farak, merak etti\u011finiz t\u00fcm konularda sizleri ayd\u0131nlatacakt\u0131r.<br><\/p>\n\n\n\n<h1>M\u00dc\u015eTER\u0130 H\u0130ZMETLER\u0130<\/h1>\n\n\n\n<p>M\u00fc\u015fteri Hizmetleri&#8217;ni Arayarak;<\/p>\n\n\n\n<p>G\u00f6nderinizin son durumu hakk\u0131nda bilgi alabilir,<br>Teslimat s\u00fcreleri ve ta\u015f\u0131ma \u00fccretleriyle ilgili bilgi edinebilir,<br>Hizmetlerimiz hakk\u0131nda daha detayl\u0131 bilgiye sahip olabilirsiniz.<br><br><a href=\"tel:08502153334\">&nbsp;0(850) 215 33 34<\/a><br><a href=\"tel:02165377499\">&nbsp;0(216) 537 74 99<\/a><\/p>\n\n\n\n<p>Alt taraftaki formu doldurarak ya da telefon numaralar\u0131m\u0131z\u0131 aray\u0131p kay\u0131t b\u0131rakt\u0131\u011f\u0131n\u0131z takdirde; ilgili uzmanlar\u0131m\u0131z size ula\u015farak, merak etti\u011finiz t\u00fcm konularda sizeleri ayd\u0131nlatacakt\u0131r.<\/p>\n\n\n\n<div style=\"height:5px\" aria-hidden=\"true\" class=\"wp-block-spacer\"><\/div>\n\n\n\n<hr class=\"wp-block-separator is-style-wide no-margin\"\/>\n\n\n<div id=\"sc_title_888546959\"\n\t\tclass=\"sc_title sc_title_\"><h3 class=\"sc_item_title sc_title_title sc_item_title_tag\"><span class=\"sc_item_title_text\">Talep, G\u00f6r\u00fc\u015f ve \u00d6neri Formu<\/span><\/h3><\/div><!-- \/.sc_title -->\n\n\n<div style=\"height:27px\" aria-hidden=\"true\" class=\"wp-block-spacer spacer-small\"><\/div>\n\n\n\n<div role=\"form\" class=\"wpcf7\" id=\"wpcf7-f52-o1\" lang=\"en-US\" dir=\"ltr\">\n<div class=\"screen-reader-response\"><p role=\"status\" aria-live=\"polite\" aria-atomic=\"true\"><\/p> <ul><\/ul><\/div>\n<form action=\"\/blog\/wp-json\/wp\/v2\/pages\/65#wpcf7-f52-o1\" method=\"post\" class=\"wpcf7-form init\" novalidate=\"novalidate\" data-status=\"init\">\n<div style=\"display: none;\">\n<input type=\"hidden\" name=\"_wpcf7\" value=\"52\" \/>\n<input type=\"hidden\" name=\"_wpcf7_version\" value=\"5.5.3\" \/>\n<input type=\"hidden\" name=\"_wpcf7_locale\" value=\"en_US\" \/>\n<input type=\"hidden\" name=\"_wpcf7_unit_tag\" value=\"wpcf7-f52-o1\" \/>\n<input type=\"hidden\" name=\"_wpcf7_container_post\" value=\"0\" \/>\n<input type=\"hidden\" name=\"_wpcf7_posted_data_hash\" value=\"\" \/>\n<\/div>\n<div class=\"columns_wrap\">\n<div class=\"column-1_2\"><span class=\"wpcf7-form-control-wrap your-name\"><input type=\"text\" name=\"your-name\" value=\"\" size=\"40\" class=\"wpcf7-form-control wpcf7-text wpcf7-validates-as-required\" aria-required=\"true\" aria-invalid=\"false\" placeholder=\"\u0130sminiz\" \/><\/span><\/div>\n<div class=\"column-1_2\"><span class=\"wpcf7-form-control-wrap your-email\"><input type=\"email\" name=\"your-email\" value=\"\" size=\"40\" class=\"wpcf7-form-control wpcf7-text wpcf7-email wpcf7-validates-as-required wpcf7-validates-as-email\" aria-required=\"true\" aria-invalid=\"false\" placeholder=\"E-Mail\" \/><\/span><\/div>\n<\/div>\n<div class=\"columns_wrap\">\n<div class=\"column-1_1\"><span class=\"wpcf7-form-control-wrap your-message\"><textarea name=\"your-message\" cols=\"40\" rows=\"10\" class=\"wpcf7-form-control wpcf7-textarea\" aria-invalid=\"false\" placeholder=\"Mesaj\u0131n\u0131z\"><\/textarea><\/span><\/div>\n<\/div>\n<p><span class=\"wpcf7-form-control-wrap acceptance-636\"><span class=\"wpcf7-form-control wpcf7-acceptance\"><span class=\"wpcf7-list-item\"><label><input type=\"checkbox\" name=\"acceptance-636\" value=\"1\" aria-invalid=\"false\" \/><span class=\"wpcf7-list-item-label\">I agree that my submitted data is being <a href=\"\/privacy-policy\/\">collected and stored<\/a>.<\/span><\/label><\/span><\/span><\/span><br \/>\n<input type=\"submit\" value=\"Send Your Message\" class=\"wpcf7-form-control has-spinner wpcf7-submit\" \/><\/p>\n<div class=\"wpcf7-response-output\" aria-hidden=\"true\"><\/div><\/form><\/div>\n","protected":false},"excerpt":{"rendered":"<p>M\u00fc\u015fteri Hizmetleri&#8217;ni Arayarak; G\u00f6nderinizin son durumu hakk\u0131nda bilgi alabilir, Teslimat s\u00fcreleri ve ta\u015f\u0131ma \u00fccretleriyle ilgili bilgi edinebilir, Hizmetlerimiz hakk\u0131nda daha detayl\u0131 bilgiye sahip olabilirsiniz. Alt taraftaki formu doldurarak ya da telefon numaralar\u0131m\u0131z\u0131 aray\u0131p kay\u0131t&hellip;<\/p>\n","protected":false},"author":1,"featured_media":0,"parent":0,"menu_order":0,"comment_status":"closed","ping_status":"closed","template":"","meta":[],"yoast_head":"<!-- This site is optimized with the Yoast SEO plugin v17.8 - https:\/\/yoast.com\/wordpress\/plugins\/seo\/ -->\n<title>\u0130leti\u015fim - Jetizz Kurumsal Blog<\/title>\n<meta name=\"robots\" content=\"index, follow, max-snippet:-1, max-image-preview:large, max-video-preview:-1\" \/>\n<link rel=\"canonical\" href=\"https:\/\/jetizz.com\/blog\/iletisim\/\" \/>\n<meta property=\"og:locale\" content=\"tr_TR\" \/>\n<meta property=\"og:type\" content=\"article\" \/>\n<meta property=\"og:title\" content=\"\u0130leti\u015fim - Jetizz Kurumsal Blog\" \/>\n<meta property=\"og:description\" content=\"M\u00fc\u015fteri Hizmetleri&#8217;ni Arayarak; G\u00f6nderinizin son durumu hakk\u0131nda bilgi alabilir, Teslimat s\u00fcreleri ve ta\u015f\u0131ma \u00fccretleriyle ilgili bilgi edinebilir, Hizmetlerimiz hakk\u0131nda daha detayl\u0131 bilgiye sahip olabilirsiniz. Alt taraftaki formu doldurarak ya da telefon numaralar\u0131m\u0131z\u0131 aray\u0131p kay\u0131t&hellip;\" \/>\n<meta property=\"og:url\" content=\"https:\/\/jetizz.com\/blog\/iletisim\/\" \/>\n<meta property=\"og:site_name\" content=\"Jetizz Kurumsal Blog\" \/>\n<meta property=\"article:modified_time\" content=\"2022-01-06T10:25:31+00:00\" \/>\n<meta property=\"og:image\" content=\"https:\/\/jetizz.com\/blog\/wp-content\/uploads\/2020\/01\/jetizz-ileti\u015fim-1024x267.jpg\" \/>\n<meta name=\"twitter:card\" content=\"summary_large_image\" \/>\n<meta name=\"twitter:label1\" content=\"Tahmini okuma s\u00fcresi\" \/>\n\t<meta name=\"twitter:data1\" content=\"1 dakika\" \/>\n<script type=\"application\/ld+json\" class=\"yoast-schema-graph\">{\"@context\":\"https:\/\/schema.org\",\"@graph\":[{\"@type\":\"WebSite\",\"@id\":\"https:\/\/jetizz.com\/blog\/#website\",\"url\":\"https:\/\/jetizz.com\/blog\/\",\"name\":\"Jetizz Kurumsal Blog\",\"description\":\"E-Ticaret Siteleri i\\u00e7in Kurye \\u00c7\\u00f6z\\u00fcmleri\",\"potentialAction\":[{\"@type\":\"SearchAction\",\"target\":{\"@type\":\"EntryPoint\",\"urlTemplate\":\"https:\/\/jetizz.com\/blog\/?s={search_term_string}\"},\"query-input\":\"required name=search_term_string\"}],\"inLanguage\":\"tr\"},{\"@type\":\"ImageObject\",\"@id\":\"https:\/\/jetizz.com\/blog\/iletisim\/#primaryimage\",\"inLanguage\":\"tr\",\"url\":\"https:\/\/jetizz.com\/blog\/wp-content\/uploads\/2020\/01\/jetizz-ileti\\u015fim.jpg\",\"contentUrl\":\"https:\/\/jetizz.com\/blog\/wp-content\/uploads\/2020\/01\/jetizz-ileti\\u015fim.jpg\",\"width\":1728,\"height\":450},{\"@type\":\"WebPage\",\"@id\":\"https:\/\/jetizz.com\/blog\/iletisim\/#webpage\",\"url\":\"https:\/\/jetizz.com\/blog\/iletisim\/\",\"name\":\"\\u0130leti\\u015fim - Jetizz Kurumsal Blog\",\"isPartOf\":{\"@id\":\"https:\/\/jetizz.com\/blog\/#website\"},\"primaryImageOfPage\":{\"@id\":\"https:\/\/jetizz.com\/blog\/iletisim\/#primaryimage\"},\"datePublished\":\"2018-12-13T12:46:56+00:00\",\"dateModified\":\"2022-01-06T10:25:31+00:00\",\"breadcrumb\":{\"@id\":\"https:\/\/jetizz.com\/blog\/iletisim\/#breadcrumb\"},\"inLanguage\":\"tr\",\"potentialAction\":[{\"@type\":\"ReadAction\",\"target\":[\"https:\/\/jetizz.com\/blog\/iletisim\/\"]}]},{\"@type\":\"BreadcrumbList\",\"@id\":\"https:\/\/jetizz.com\/blog\/iletisim\/#breadcrumb\",\"itemListElement\":[{\"@type\":\"ListItem\",\"position\":1,\"name\":\"Ana sayfa\",\"item\":\"https:\/\/jetizz.com\/blog\/\"},{\"@type\":\"ListItem\",\"position\":2,\"name\":\"\\u0130leti\\u015fim\"}]}]}<\/script>\n<!-- \/ Yoast SEO plugin. -->","yoast_head_json":{"title":"\u0130leti\u015fim - Jetizz Kurumsal Blog","robots":{"index":"index","follow":"follow","max-snippet":"max-snippet:-1","max-image-preview":"max-image-preview:large","max-video-preview":"max-video-preview:-1"},"canonical":"https:\/\/jetizz.com\/blog\/iletisim\/","og_locale":"tr_TR","og_type":"article","og_title":"\u0130leti\u015fim - Jetizz Kurumsal Blog","og_description":"M\u00fc\u015fteri Hizmetleri&#8217;ni Arayarak; G\u00f6nderinizin son durumu hakk\u0131nda bilgi alabilir, Teslimat s\u00fcreleri ve ta\u015f\u0131ma \u00fccretleriyle ilgili bilgi edinebilir, Hizmetlerimiz hakk\u0131nda daha detayl\u0131 bilgiye sahip olabilirsiniz. Alt taraftaki formu doldurarak ya da telefon numaralar\u0131m\u0131z\u0131 aray\u0131p kay\u0131t&hellip;","og_url":"https:\/\/jetizz.com\/blog\/iletisim\/","og_site_name":"Jetizz Kurumsal Blog","article_modified_time":"2022-01-06T10:25:31+00:00","og_image":[{"url":"https:\/\/jetizz.com\/blog\/wp-content\/uploads\/2020\/01\/jetizz-ileti\u015fim-1024x267.jpg"}],"twitter_card":"summary_large_image","twitter_misc":{"Tahmini okuma s\u00fcresi":"1 dakika"},"schema":{"@context":"https:\/\/schema.org","@graph":[{"@type":"WebSite","@id":"https:\/\/jetizz.com\/blog\/#website","url":"https:\/\/jetizz.com\/blog\/","name":"Jetizz Kurumsal Blog","description":"E-Ticaret Siteleri i\u00e7in Kurye \u00c7\u00f6z\u00fcmleri","potentialAction":[{"@type":"SearchAction","target":{"@type":"EntryPoint","urlTemplate":"https:\/\/jetizz.com\/blog\/?s={search_term_string}"},"query-input":"required name=search_term_string"}],"inLanguage":"tr"},{"@type":"ImageObject","@id":"https:\/\/jetizz.com\/blog\/iletisim\/#primaryimage","inLanguage":"tr","url":"https:\/\/jetizz.com\/blog\/wp-content\/uploads\/2020\/01\/jetizz-ileti\u015fim.jpg","contentUrl":"https:\/\/jetizz.com\/blog\/wp-content\/uploads\/2020\/01\/jetizz-ileti\u015fim.jpg","width":1728,"height":450},{"@type":"WebPage","@id":"https:\/\/jetizz.com\/blog\/iletisim\/#webpage","url":"https:\/\/jetizz.com\/blog\/iletisim\/","name":"\u0130leti\u015fim - Jetizz Kurumsal Blog","isPartOf":{"@id":"https:\/\/jetizz.com\/blog\/#website"},"primaryImageOfPage":{"@id":"https:\/\/jetizz.com\/blog\/iletisim\/#primaryimage"},"datePublished":"2018-12-13T12:46:56+00:00","dateModified":"2022-01-06T10:25:31+00:00","breadcrumb":{"@id":"https:\/\/jetizz.com\/blog\/iletisim\/#breadcrumb"},"inLanguage":"tr","potentialAction":[{"@type":"ReadAction","target":["https:\/\/jetizz.com\/blog\/iletisim\/"]}]},{"@type":"BreadcrumbList","@id":"https:\/\/jetizz.com\/blog\/iletisim\/#breadcrumb","itemListElement":[{"@type":"ListItem","position":1,"name":"Ana sayfa","item":"https:\/\/jetizz.com\/blog\/"},{"@type":"ListItem","position":2,"name":"\u0130leti\u015fim"}]}]}},"_links":{"self":[{"href":"https:\/\/jetizz.com\/blog\/wp-json\/wp\/v2\/pages\/65"}],"collection":[{"href":"https:\/\/jetizz.com\/blog\/wp-json\/wp\/v2\/pages"}],"about":[{"href":"https:\/\/jetizz.com\/blog\/wp-json\/wp\/v2\/types\/page"}],"author":[{"embeddable":true,"href":"https:\/\/jetizz.com\/blog\/wp-json\/wp\/v2\/users\/1"}],"replies":[{"embeddable":true,"href":"https:\/\/jetizz.com\/blog\/wp-json\/wp\/v2\/comments?post=65"}],"version-history":[{"count":4,"href":"https:\/\/jetizz.com\/blog\/wp-json\/wp\/v2\/pages\/65\/revisions"}],"predecessor-version":[{"id":1490,"href":"https:\/\/jetizz.com\/blog\/wp-json\/wp\/v2\/pages\/65\/revisions\/1490"}],"wp:attachment":[{"href":"https:\/\/jetizz.com\/blog\/wp-json\/wp\/v2\/media?parent=65"}],"curies":[{"name":"wp","href":"https:\/\/api.w.org\/{rel}","templated":true}]}}